{"id":31,"date":"2020-04-13T11:18:52","date_gmt":"2020-04-13T11:18:52","guid":{"rendered":"http:\/\/cesaveqroo.org.mx\/?page_id=31"},"modified":"2025-02-12T18:24:21","modified_gmt":"2025-02-12T18:24:21","slug":"about","status":"publish","type":"page","link":"https:\/\/cesaveqroo.org.mx\/?page_id=31","title":{"rendered":"About"},"content":{"rendered":"\t\t<div data-elementor-type=\"wp-page\" data-elementor-id=\"31\" class=\"elementor elementor-31\">\n\t\t\t\t\t\t\t\t\t<section class=\"elementor-section elementor-top-section elementor-element elementor-element-5131a13e elementor-section-boxed elementor-section-height-default elementor-section-height-default\" data-id=\"5131a13e\" data-element_type=\"section\" data-settings=\"{&quot;background_background&quot;:&quot;classic&quot;}\">\n\t\t\t\t\t\t\t<div class=\"elementor-background-overlay\"><\/div>\n\t\t\t\t\t\t\t<div class=\"elementor-container elementor-column-gap-default\">\n\t\t\t\t\t<div class=\"elementor-column elementor-col-100 elementor-top-column elementor-element elementor-element-1053ca7a\" data-id=\"1053ca7a\" data-element_type=\"column\">\n\t\t\t<div class=\"elementor-widget-wrap elementor-element-populated\">\n\t\t\t\t\t\t\t\t<div class=\"elementor-element elementor-element-3d99e122 elementor-widget elementor-widget-heading\" data-id=\"3d99e122\" data-element_type=\"widget\" data-widget_type=\"heading.default\">\n\t\t\t\t<div class=\"elementor-widget-container\">\n\t\t\t<style>\/*! elementor - v3.6.6 - 08-06-2022 *\/\n.elementor-heading-title{padding:0;margin:0;line-height:1}.elementor-widget-heading .elementor-heading-title[class*=elementor-size-]>a{color:inherit;font-size:inherit;line-height:inherit}.elementor-widget-heading .elementor-heading-title.elementor-size-small{font-size:15px}.elementor-widget-heading .elementor-heading-title.elementor-size-medium{font-size:19px}.elementor-widget-heading .elementor-heading-title.elementor-size-large{font-size:29px}.elementor-widget-heading .elementor-heading-title.elementor-size-xl{font-size:39px}.elementor-widget-heading .elementor-heading-title.elementor-size-xxl{font-size:59px}<\/style><h1 class=\"elementor-heading-title elementor-size-default\">Acerca del CESAVEQROO<\/h1>\t\t<\/div>\n\t\t\t\t<\/div>\n\t\t\t\t\t<\/div>\n\t\t<\/div>\n\t\t\t\t\t\t\t<\/div>\n\t\t<\/section>\n\t\t\t\t<section class=\"elementor-section elementor-top-section elementor-element elementor-element-40177ae0 elementor-section-boxed elementor-section-height-default elementor-section-height-default\" data-id=\"40177ae0\" data-element_type=\"section\">\n\t\t\t\t\t\t<div class=\"elementor-container elementor-column-gap-no\">\n\t\t\t\t\t<div class=\"elementor-column elementor-col-50 elementor-top-column elementor-element elementor-element-2828f573\" data-id=\"2828f573\" data-element_type=\"column\">\n\t\t\t<div class=\"elementor-widget-wrap elementor-element-populated\">\n\t\t\t\t\t\t\t\t<div class=\"elementor-element elementor-element-68afc23b elementor-widget elementor-widget-heading\" data-id=\"68afc23b\" data-element_type=\"widget\" data-widget_type=\"heading.default\">\n\t\t\t\t<div class=\"elementor-widget-container\">\n\t\t\t<h1 class=\"elementor-heading-title elementor-size-default\">Conformado el 14 de mayo de 1993<\/h1>\t\t<\/div>\n\t\t\t\t<\/div>\n\t\t\t\t<div class=\"elementor-element elementor-element-c2577d8 elementor-widget elementor-widget-heading\" data-id=\"c2577d8\" data-element_type=\"widget\" data-widget_type=\"heading.default\">\n\t\t\t\t<div class=\"elementor-widget-container\">\n\t\t\t<h2 class=\"elementor-heading-title elementor-size-default\"><br><br><br>organigrama<br><\/h2>\t\t<\/div>\n\t\t\t\t<\/div>\n\t\t\t\t<div class=\"elementor-element elementor-element-18c898a elementor-widget elementor-widget-image-gallery\" data-id=\"18c898a\" data-element_type=\"widget\" data-widget_type=\"image-gallery.default\">\n\t\t\t\t<div class=\"elementor-widget-container\">\n\t\t\t<style>\/*! elementor - v3.6.6 - 08-06-2022 *\/\n.elementor-image-gallery .gallery-item{display:inline-block;text-align:center;vertical-align:top;width:100%;max-width:100%;margin:0 auto}.elementor-image-gallery .gallery-item img{margin:0 auto}.elementor-image-gallery .gallery-item .gallery-caption{margin:0}.elementor-image-gallery figure img{display:block}.elementor-image-gallery figure figcaption{width:100%}.gallery-spacing-custom .elementor-image-gallery .gallery-icon{padding:0}@media (min-width:768px){.elementor-image-gallery .gallery-columns-2 .gallery-item{max-width:50%}.elementor-image-gallery .gallery-columns-3 .gallery-item{max-width:33.33%}.elementor-image-gallery .gallery-columns-4 .gallery-item{max-width:25%}.elementor-image-gallery .gallery-columns-5 .gallery-item{max-width:20%}.elementor-image-gallery .gallery-columns-6 .gallery-item{max-width:16.666%}.elementor-image-gallery .gallery-columns-7 .gallery-item{max-width:14.28%}.elementor-image-gallery .gallery-columns-8 .gallery-item{max-width:12.5%}.elementor-image-gallery .gallery-columns-9 .gallery-item{max-width:11.11%}.elementor-image-gallery .gallery-columns-10 .gallery-item{max-width:10%}}@media (min-width:480px) and (max-width:767px){.elementor-image-gallery .gallery.gallery-columns-2 .gallery-item,.elementor-image-gallery .gallery.gallery-columns-3 .gallery-item,.elementor-image-gallery .gallery.gallery-columns-4 .gallery-item,.elementor-image-gallery .gallery.gallery-columns-5 .gallery-item,.elementor-image-gallery .gallery.gallery-columns-6 .gallery-item,.elementor-image-gallery .gallery.gallery-columns-7 .gallery-item,.elementor-image-gallery .gallery.gallery-columns-8 .gallery-item,.elementor-image-gallery .gallery.gallery-columns-9 .gallery-item,.elementor-image-gallery .gallery.gallery-columns-10 .gallery-item{max-width:50%}}@media (max-width:479px){.elementor-image-gallery .gallery.gallery-columns-2 .gallery-item,.elementor-image-gallery .gallery.gallery-columns-3 .gallery-item,.elementor-image-gallery .gallery.gallery-columns-4 .gallery-item,.elementor-image-gallery .gallery.gallery-columns-5 .gallery-item,.elementor-image-gallery .gallery.gallery-columns-6 .gallery-item,.elementor-image-gallery .gallery.gallery-columns-7 .gallery-item,.elementor-image-gallery .gallery.gallery-columns-8 .gallery-item,.elementor-image-gallery .gallery.gallery-columns-9 .gallery-item,.elementor-image-gallery .gallery.gallery-columns-10 .gallery-item{max-width:100%}}<\/style>\t\t<div class=\"elementor-image-gallery\">\n\t\t\t<div id='gallery-1' class='gallery galleryid-31 gallery-columns-1 gallery-size-medium_large'><figure class='gallery-item'>\n\t\t\t<div class='gallery-icon portrait'>\n\t\t\t\t<a data-elementor-open-lightbox=\"yes\" data-elementor-lightbox-slideshow=\"18c898a\" data-elementor-lightbox-title=\"ORGANIGRAMA CESAVEQROO_2025jpg_Page1\" e-action-hash=\"#elementor-action%3Aaction%3Dlightbox%26settings%3DeyJpZCI6OTIwLCJ1cmwiOiJodHRwczpcL1wvY2VzYXZlcXJvby5vcmcubXhcL3dwLWNvbnRlbnRcL3VwbG9hZHNcLzIwMjVcLzAyXC9PUkdBTklHUkFNQS1DRVNBVkVRUk9PXzIwMjVqcGdfUGFnZTEtc2NhbGVkLmpwZyIsInNsaWRlc2hvdyI6IjE4Yzg5OGEifQ%3D%3D\" href='https:\/\/cesaveqroo.org.mx\/wp-content\/uploads\/2025\/02\/ORGANIGRAMA-CESAVEQROO_2025jpg_Page1-scaled.jpg'><img width=\"768\" height=\"799\" src=\"https:\/\/cesaveqroo.org.mx\/wp-content\/uploads\/2025\/02\/ORGANIGRAMA-CESAVEQROO_2025jpg_Page1-768x799.jpg\" class=\"attachment-medium_large size-medium_large\" alt=\"\" loading=\"lazy\" srcset=\"https:\/\/cesaveqroo.org.mx\/wp-content\/uploads\/2025\/02\/ORGANIGRAMA-CESAVEQROO_2025jpg_Page1-768x799.jpg 768w, https:\/\/cesaveqroo.org.mx\/wp-content\/uploads\/2025\/02\/ORGANIGRAMA-CESAVEQROO_2025jpg_Page1-288x300.jpg 288w, https:\/\/cesaveqroo.org.mx\/wp-content\/uploads\/2025\/02\/ORGANIGRAMA-CESAVEQROO_2025jpg_Page1-985x1024.jpg 985w, https:\/\/cesaveqroo.org.mx\/wp-content\/uploads\/2025\/02\/ORGANIGRAMA-CESAVEQROO_2025jpg_Page1-1477x1536.jpg 1477w, https:\/\/cesaveqroo.org.mx\/wp-content\/uploads\/2025\/02\/ORGANIGRAMA-CESAVEQROO_2025jpg_Page1-1969x2048.jpg 1969w\" sizes=\"(max-width: 768px) 100vw, 768px\" \/><\/a>\n\t\t\t<\/div><\/figure>\n\t\t<\/div>\n\t\t<\/div>\n\t\t\t\t<\/div>\n\t\t\t\t<\/div>\n\t\t\t\t\t<\/div>\n\t\t<\/div>\n\t\t\t\t<div class=\"elementor-column elementor-col-50 elementor-top-column elementor-element elementor-element-48096891\" data-id=\"48096891\" data-element_type=\"column\">\n\t\t\t<div class=\"elementor-widget-wrap elementor-element-populated\">\n\t\t\t\t\t\t\t\t<div class=\"elementor-element elementor-element-44ce5982 elementor-widget elementor-widget-text-editor\" data-id=\"44ce5982\" data-element_type=\"widget\" data-widget_type=\"text-editor.default\">\n\t\t\t\t<div class=\"elementor-widget-container\">\n\t\t\t<style>\/*! elementor - v3.6.6 - 08-06-2022 *\/\n.elementor-widget-text-editor.elementor-drop-cap-view-stacked .elementor-drop-cap{background-color:#818a91;color:#fff}.elementor-widget-text-editor.elementor-drop-cap-view-framed .elementor-drop-cap{color:#818a91;border:3px solid;background-color:transparent}.elementor-widget-text-editor:not(.elementor-drop-cap-view-default) .elementor-drop-cap{margin-top:8px}.elementor-widget-text-editor:not(.elementor-drop-cap-view-default) .elementor-drop-cap-letter{width:1em;height:1em}.elementor-widget-text-editor .elementor-drop-cap{float:left;text-align:center;line-height:1;font-size:50px}.elementor-widget-text-editor .elementor-drop-cap-letter{display:inline-block}<\/style>\t\t\t\t<p><span style=\"color: #000000; font-family: arial, sans-serif; font-size: 19.2px; font-weight: 400;\">EL CESAVEQROO Y SUS JUNTAS LOCALES DE SANIDAD VEGETAL<\/span><\/p>\t\t\t\t\t\t<\/div>\n\t\t\t\t<\/div>\n\t\t\t\t<div class=\"elementor-element elementor-element-e56ab06 elementor-widget elementor-widget-text-editor\" data-id=\"e56ab06\" data-element_type=\"widget\" data-widget_type=\"text-editor.default\">\n\t\t\t\t<div class=\"elementor-widget-container\">\n\t\t\t\t\t\t\t<p class=\"MsoNormal\" style=\"text-align: justify;\"><span style=\"font-family: Arial, sans-serif; color: black; background-image: initial; background-position: initial; background-size: initial; background-repeat: initial; background-attachment: initial; background-origin: initial; background-clip: initial;\">El Comit\u00e9 Estatal y las Juntas Locales de Sanidad Vegetal, son Organismos Auxiliares de Sanidad Vegetal que trabajan en coordinaci\u00f3n con la SADER, el SENASICA y Gobierno del Estado en el desarrollo de las Campa\u00f1as, Programas y\/o acciones fitosanitarias que favorecen al campo quintanarroense. En el Estado se establecieron cinco Juntas Locales ubicadas estrat\u00e9gicamente para coadyuvar a la comunicaci\u00f3n con los sectores productivos. Zona Norte. Municipio Benito J\u00faarez, ciudad; se encuentran la JLSV de la Zona Norte con horarios de 09:00 am a 17:00 hrs. Tel.01 998 880 6646, Barrio Maya, calle de los Venados. L\u00e1zaro C\u00e1rdenas, localidad Kantunilk\u00edn; se encuentran la JLSV de la Zona Norte con horarios de 09:00 am a 14:00 hrs. en Palacio municipal, Tel. Zona Maya. Municipio Jos\u00e9 Mar\u00eda Morelos; se encuentra la JLSV de la ZONA Maya con horarios de 09:00 a 17:00 hrs. S\/ Tel. Col. centro. Zona Centro. Municipio Bacalar; se encuentra ubicada la JLSV de Reforma con horario de 09:00 a 15:00 hrs. S\/Tel., Col. centro. Zona sur. Municipio Oth\u00f3n P. Blanco, poblado Uc\u00fam; se ubica la JLSV de R\u00edo Hondo con horario de 09:00 a 15:00hrs. S\/Tel. Carr. a Poblado Ucum. y en la Alcald\u00eda de Nicol\u00e1s Bravo, se ubica la JLSV de NB sobre la Carr. principal con horario de 08:00 a 14:00 hrs. S\/Tel. Este 2022 se operan 5 campa\u00f1as y\/o Programas Fitosanitarios enfocados a la detecci\u00f3n, control y erradicaci\u00f3n de plagas y enfermedades que afectan la agricultura del Estado de Quintana Roo. Campa\u00f1a de Manejo Fitosanitario en apoyo para la Producci\u00f3n del Bienestar, Campa\u00f1as de Protecci\u00f3n Fitosanitaria (Plagas de los c\u00edtricos y Langosta), Programa de Inocuidad Agr\u00edcola y Vigilancia Epidemiol\u00f3gica Fitosanitaria. Asimismo, fomentamos la Fitosanidad e inocuidad mediante la Certificaci\u00f3n BUMA (Buenas pr\u00e1cticas y Manejo de Agroqu\u00edmicos) que permita a los productores poder comercializar sus productos tanto al mercado local como extranjero. Dentro de este marco tambi\u00e9n se lleva acabo el acopio de envases vac\u00edos de agroqu\u00edmicos mediante el Programa Nacional de Recolecta de Envases Vac\u00edos de Agroqu\u00edmicos y Afines., por lo que contamos con el Centro de Acopio Temporal ( CAT ) en las instalaciones del Comit\u00e9, as\u00ed como en algunas comunidades donde se instalaron redes de acopio para facilidad de los productores.<\/span><\/p>\t\t\t\t\t\t<\/div>\n\t\t\t\t<\/div>\n\t\t\t\t<div class=\"elementor-element elementor-element-41a203d elementor-widget elementor-widget-text-editor\" data-id=\"41a203d\" data-element_type=\"widget\" data-widget_type=\"text-editor.default\">\n\t\t\t\t<div class=\"elementor-widget-container\">\n\t\t\t\t\t\t\t\t\t\t\t\t\t<\/div>\n\t\t\t\t<\/div>\n\t\t\t\t\t<\/div>\n\t\t<\/div>\n\t\t\t\t\t\t\t<\/div>\n\t\t<\/section>\n\t\t\t\t<section class=\"elementor-section elementor-top-section elementor-element elementor-element-88095be elementor-section-boxed elementor-section-height-default elementor-section-height-default\" data-id=\"88095be\" data-element_type=\"section\" data-settings=\"{&quot;background_background&quot;:&quot;classic&quot;}\">\n\t\t\t\t\t\t<div class=\"elementor-container elementor-column-gap-no\">\n\t\t\t\t\t<div class=\"elementor-column elementor-col-33 elementor-top-column elementor-element elementor-element-b59566c\" data-id=\"b59566c\" data-element_type=\"column\">\n\t\t\t<div class=\"elementor-widget-wrap elementor-element-populated\">\n\t\t\t\t\t\t\t\t<div class=\"elementor-element elementor-element-b292dd2 elementor-position-top elementor-vertical-align-top elementor-widget elementor-widget-image-box\" data-id=\"b292dd2\" data-element_type=\"widget\" data-widget_type=\"image-box.default\">\n\t\t\t\t<div class=\"elementor-widget-container\">\n\t\t\t<style>\/*! elementor - v3.6.6 - 08-06-2022 *\/\n.elementor-widget-image-box .elementor-image-box-content{width:100%}@media (min-width:768px){.elementor-widget-image-box.elementor-position-left .elementor-image-box-wrapper,.elementor-widget-image-box.elementor-position-right .elementor-image-box-wrapper{display:-webkit-box;display:-ms-flexbox;display:flex}.elementor-widget-image-box.elementor-position-right .elementor-image-box-wrapper{text-align:right;-webkit-box-orient:horizontal;-webkit-box-direction:reverse;-ms-flex-direction:row-reverse;flex-direction:row-reverse}.elementor-widget-image-box.elementor-position-left .elementor-image-box-wrapper{text-align:left;-webkit-box-orient:horizontal;-webkit-box-direction:normal;-ms-flex-direction:row;flex-direction:row}.elementor-widget-image-box.elementor-position-top .elementor-image-box-img{margin:auto}.elementor-widget-image-box.elementor-vertical-align-top .elementor-image-box-wrapper{-webkit-box-align:start;-ms-flex-align:start;align-items:flex-start}.elementor-widget-image-box.elementor-vertical-align-middle .elementor-image-box-wrapper{-webkit-box-align:center;-ms-flex-align:center;align-items:center}.elementor-widget-image-box.elementor-vertical-align-bottom .elementor-image-box-wrapper{-webkit-box-align:end;-ms-flex-align:end;align-items:flex-end}}@media (max-width:767px){.elementor-widget-image-box .elementor-image-box-img{margin-left:auto!important;margin-right:auto!important;margin-bottom:15px}}.elementor-widget-image-box .elementor-image-box-img{display:inline-block}.elementor-widget-image-box .elementor-image-box-title a{color:inherit}.elementor-widget-image-box .elementor-image-box-wrapper{text-align:center}.elementor-widget-image-box .elementor-image-box-description{margin:0}<\/style><div class=\"elementor-image-box-wrapper\"><div class=\"elementor-image-box-content\"><h2 class=\"elementor-image-box-title\">MISI\u00d3N<\/h2><p class=\"elementor-image-box-description\"><p class=\"MsoNormal\" style=\"text-align:justify\">Promover y ejecutar estrategias fitosanitarias y de Inocuidad Agr\u00edcola en coordinaci\u00f3n con el SENASICA, la Secretar\u00eda de Agricultura, y Gobierno del Estado para conservar y mejorar el estatus fitosanitario   en beneficio de los productores agr\u00edcolas del estado de Quintana Roo. <o:p><\/o:p><\/p>\n\n<\/p><\/div><\/div>\t\t<\/div>\n\t\t\t\t<\/div>\n\t\t\t\t\t<\/div>\n\t\t<\/div>\n\t\t\t\t<div class=\"elementor-column elementor-col-33 elementor-top-column elementor-element elementor-element-bca9a20\" data-id=\"bca9a20\" data-element_type=\"column\">\n\t\t\t<div class=\"elementor-widget-wrap elementor-element-populated\">\n\t\t\t\t\t\t\t\t<div class=\"elementor-element elementor-element-b0e23ae elementor-position-top elementor-vertical-align-top elementor-widget elementor-widget-image-box\" data-id=\"b0e23ae\" data-element_type=\"widget\" data-widget_type=\"image-box.default\">\n\t\t\t\t<div class=\"elementor-widget-container\">\n\t\t\t<div class=\"elementor-image-box-wrapper\"><div class=\"elementor-image-box-content\"><h2 class=\"elementor-image-box-title\">VISI\u00d3N<\/h2><p class=\"elementor-image-box-description\"><p class=\"MsoNormal\" style=\"text-align:justify\">Ser un organismo que apoye a los productores en el manejo y control de plagas y enfermedades agr\u00edcolas en beneficio de la sanidad e inocuidad de los productos, mediante estrategias de prevenci\u00f3n y control estatales y nacionales y con el fortalecimiento de t\u00e9cnicos altamente capacitados para mejorar la productividad y econom\u00eda del peque\u00f1o\u00a0productor.<o:p><\/o:p><\/p>\n\n<\/p><\/div><\/div>\t\t<\/div>\n\t\t\t\t<\/div>\n\t\t\t\t\t<\/div>\n\t\t<\/div>\n\t\t\t\t<div class=\"elementor-column elementor-col-33 elementor-top-column elementor-element elementor-element-6b0d72f\" data-id=\"6b0d72f\" data-element_type=\"column\">\n\t\t\t<div class=\"elementor-widget-wrap elementor-element-populated\">\n\t\t\t\t\t\t\t\t<div class=\"elementor-element elementor-element-e462cf8 elementor-position-top elementor-vertical-align-top elementor-widget elementor-widget-image-box\" data-id=\"e462cf8\" data-element_type=\"widget\" data-widget_type=\"image-box.default\">\n\t\t\t\t<div class=\"elementor-widget-container\">\n\t\t\t<div class=\"elementor-image-box-wrapper\"><div class=\"elementor-image-box-content\"><h2 class=\"elementor-image-box-title\">OBJETIVO<\/h2><p class=\"elementor-image-box-description\"><p class=\"MsoNormal\" style=\"text-align:justify\">Mantener y\/o mejorar cada uno de\nlos estatus fitosanitarios de las campa\u00f1as de importancia en el estado mediante\nla prevenci\u00f3n y manejo de riesgos en aplicaci\u00f3n de las medidas fitosanitarias estrat\u00e9gicas\ny promover la implementaci\u00f3n del sistema de reducci\u00f3n de riesgos de contaminaci\u00f3n\na trav\u00e9s de las buenas pr\u00e1cticas agr\u00edcolas.<o:p><\/o:p><\/p>\n\n<\/p><\/div><\/div>\t\t<\/div>\n\t\t\t\t<\/div>\n\t\t\t\t\t<\/div>\n\t\t<\/div>\n\t\t\t\t\t\t\t<\/div>\n\t\t<\/section>\n\t\t\t\t\t\t\t<\/div>\n\t\t","protected":false},"excerpt":{"rendered":"<p>Acerca del CESAVEQROO Conformado el 14 de mayo de 1993 organigrama EL CESAVEQROO Y SUS JUNTAS LOCALES DE SANIDAD VEGETAL El Comit\u00e9 Estatal y las Juntas Locales de Sanidad Vegetal, son Organismos Auxiliares de Sanidad Vegetal que trabajan en coordinaci\u00f3n con la SADER, el SENASICA y Gobierno del Estado en el desarrollo de las Campa\u00f1as, &hellip;<\/p>\n<p class=\"read-more\"> <a class=\"\" href=\"https:\/\/cesaveqroo.org.mx\/?page_id=31\"> <span class=\"screen-reader-text\">About<\/span> Leer m\u00e1s &raquo;<\/a><\/p>\n","protected":false},"author":0,"featured_media":0,"parent":0,"menu_order":0,"comment_status":"closed","ping_status":"closed","template":"","meta":{"om_disable_all_campaigns":false,"_monsterinsights_skip_tracking":false,"_monsterinsights_sitenote_active":false,"_monsterinsights_sitenote_note":"","_monsterinsights_sitenote_category":0,"site-sidebar-layout":"no-sidebar","site-content-layout":"page-builder","ast-global-header-display":"","ast-main-header-display":"","ast-hfb-above-header-display":"","ast-hfb-below-header-display":"","ast-hfb-mobile-header-display":"","site-post-title":"disabled","ast-breadcrumbs-content":"","ast-featured-img":"","footer-sml-layout":"","theme-transparent-header-meta":"enabled","adv-header-id-meta":"","stick-header-meta":"","header-above-stick-meta":"","header-main-stick-meta":"","header-below-stick-meta":""},"_links":{"self":[{"href":"https:\/\/cesaveqroo.org.mx\/index.php?rest_route=\/wp\/v2\/pages\/31"}],"collection":[{"href":"https:\/\/cesaveqroo.org.mx\/index.php?rest_route=\/wp\/v2\/pages"}],"about":[{"href":"https:\/\/cesaveqroo.org.mx\/index.php?rest_route=\/wp\/v2\/types\/page"}],"replies":[{"embeddable":true,"href":"https:\/\/cesaveqroo.org.mx\/index.php?rest_route=%2Fwp%2Fv2%2Fcomments&post=31"}],"version-history":[{"count":43,"href":"https:\/\/cesaveqroo.org.mx\/index.php?rest_route=\/wp\/v2\/pages\/31\/revisions"}],"predecessor-version":[{"id":923,"href":"https:\/\/cesaveqroo.org.mx\/index.php?rest_route=\/wp\/v2\/pages\/31\/revisions\/923"}],"wp:attachment":[{"href":"https:\/\/cesaveqroo.org.mx\/index.php?rest_route=%2Fwp%2Fv2%2Fmedia&parent=31"}],"curies":[{"name":"wp","href":"https:\/\/api.w.org\/{rel}","templated":true}]}}